{"id":87,"date":"2015-02-03T09:56:08","date_gmt":"2015-02-03T09:56:08","guid":{"rendered":"https:\/\/www.prima.ch\/partner-werden-2\/"},"modified":"2026-03-27T14:37:52","modified_gmt":"2026-03-27T12:37:52","slug":"partner-werden","status":"publish","type":"page","link":"https:\/\/www.prima.ch\/fr\/partner-werden\/","title":{"rendered":"Devenir partenaire"},"content":{"rendered":"<h1>Prima, le nouveau concept pour les d\u00e9taillants ind\u00e9pendants<\/h1>\n<p><strong>Avec Prima, le concept de partenariat int\u00e9ressant de Volg Konsumwaren AG, vous profitez de la combinaison parfaite du marketing commun avec l&rsquo;ind\u00e9pendance individuelle.<\/strong><\/p>\n<p>Vous \u00eates un d\u00e9taillant ind\u00e9pendant et souhaitez en savoir plus sur Prima? Alors, prenez contact avec nous:<\/p>\n<p>Volg Konsumwaren AG<br \/>\nFlavio Farina<br \/>\nDirecteur Expansion<br \/>\nBo\u00eete postale 344<br \/>\n8401 Winterthur<br \/>\nT\u00e9l. 058 433 55 45<br \/>\n<a href=\"mailto:f.farina@volg.ch\">E-Mail<\/a><\/p>\n","protected":false},"excerpt":{"rendered":"<p>Prima, le nouveau concept pour les d\u00e9taillants ind\u00e9pendants Avec Prima, le concept de partenariat int\u00e9ressant de Volg Konsumwaren AG, vous profitez de la combinaison parfaite du marketing commun avec l&rsquo;ind\u00e9pendance individuelle. Vous \u00eates un d\u00e9taillant ind\u00e9pendant et souhaitez en savoir plus sur Prima? Alors, prenez contact avec nous: Volg Konsumwaren AG Flavio Farina Directeur Expansion [&hellip;]<\/p>\n","protected":false},"author":2,"featured_media":7094,"parent":0,"menu_order":0,"comment_status":"closed","ping_status":"closed","template":"","meta":{"_acf_changed":false,"_genesis_hide_title":false,"_genesis_hide_breadcrumbs":false,"_genesis_hide_singular_image":false,"_genesis_hide_footer_widgets":false,"_genesis_custom_body_class":"","_genesis_custom_post_class":"","_genesis_layout":"","footnotes":""},"class_list":{"0":"post-87","1":"page","2":"type-page","3":"status-publish","4":"has-post-thumbnail","6":"entry"},"acf":[],"_links":{"self":[{"href":"https:\/\/www.prima.ch\/fr\/wp-json\/wp\/v2\/pages\/87","targetHints":{"allow":["GET"]}}],"collection":[{"href":"https:\/\/www.prima.ch\/fr\/wp-json\/wp\/v2\/pages"}],"about":[{"href":"https:\/\/www.prima.ch\/fr\/wp-json\/wp\/v2\/types\/page"}],"author":[{"embeddable":true,"href":"https:\/\/www.prima.ch\/fr\/wp-json\/wp\/v2\/users\/2"}],"replies":[{"embeddable":true,"href":"https:\/\/www.prima.ch\/fr\/wp-json\/wp\/v2\/comments?post=87"}],"version-history":[{"count":0,"href":"https:\/\/www.prima.ch\/fr\/wp-json\/wp\/v2\/pages\/87\/revisions"}],"wp:featuredmedia":[{"embeddable":true,"href":"https:\/\/www.prima.ch\/fr\/wp-json\/wp\/v2\/media\/7094"}],"wp:attachment":[{"href":"https:\/\/www.prima.ch\/fr\/wp-json\/wp\/v2\/media?parent=87"}],"curies":[{"name":"wp","href":"https:\/\/api.w.org\/{rel}","templated":true}]}}